{"id":47,"date":"2023-12-22T09:21:57","date_gmt":"2023-12-22T09:21:57","guid":{"rendered":"https:\/\/asesoriaromeraabogados.com\/?page_id=47"},"modified":"2024-10-29T16:07:19","modified_gmt":"2024-10-29T15:07:19","slug":"contacto","status":"publish","type":"page","link":"https:\/\/asesoriaromeraabogados.com\/ca\/contacto\/","title":{"rendered":"Contacte"},"content":{"rendered":"<style>.kb-row-layout-id47_0177ce-48 > .kt-row-column-wrap{align-content:center;}:where(.kb-row-layout-id47_0177ce-48 > .kt-row-column-wrap) > .wp-block-kadence-column{justify-content:center;}.kb-row-layout-id47_0177ce-48 > .kt-row-column-wrap{column-gap:var(--global-kb-gap-md, 2rem);row-gap:var(--global-kb-gap-md, 2rem);max-width:700px;margin-left:auto;margin-right:auto;padding-top:var(--global-kb-spacing-4xl, 8rem);padding-right:var(--global-kb-spacing-xs, 1rem);padding-bottom:var(--global-kb-spacing-4xl, 8rem);padding-left:var(--global-kb-spacing-xs, 1rem);min-height:300px;grid-template-columns:minmax(0, 1fr);}.kb-row-layout-id47_0177ce-48{background-image:url('https:\/\/asesoriaromeraabogados.com\/wp-content\/uploads\/2024\/10\/5-1.jpg');background-size:cover;background-position:center center;background-attachment:scroll;background-repeat:no-repeat;}.kb-row-layout-id47_0177ce-48 > .kt-row-layout-overlay{opacity:0.60;background-color:var(--global-palette3, #1A202C);background-image:url('https:\/\/asesoriaromeraabogados.com\/wp-content\/uploads\/2024\/06\/pattern.png');background-size:cover;background-position:center center;background-attachment:scroll;background-repeat:no-repeat;}.kb-row-layout-id47_0177ce-48 ,.kb-row-layout-id47_0177ce-48 h1,.kb-row-layout-id47_0177ce-48 h2,.kb-row-layout-id47_0177ce-48 h3,.kb-row-layout-id47_0177ce-48 h4,.kb-row-layout-id47_0177ce-48 h5,.kb-row-layout-id47_0177ce-48 h6{color:var(--global-palette9, #ffffff);}.kb-row-layout-id47_0177ce-48 a{color:var(--global-palette9, #ffffff);}.kb-row-layout-id47_0177ce-48 a:hover{color:var(--global-palette7, #EDF2F7);}@media all and (max-width: 1024px){.kb-row-layout-id47_0177ce-48 > .kt-row-column-wrap{grid-template-columns:minmax(0, 1fr);}}@media all and (max-width: 767px){.kb-row-layout-id47_0177ce-48 > .kt-row-column-wrap{grid-template-columns:minmax(0, 1fr);}}<\/style><div class=\"kb-row-layout-wrap kb-row-layout-id47_0177ce-48 alignnone kt-row-has-bg wp-block-kadence-rowlayout\"><div class=\"kt-row-layout-overlay kt-row-overlay-normal\"><\/div><div class=\"kt-row-column-wrap kt-has-1-columns kt-row-layout-equal kt-tab-layout-inherit kt-mobile-layout-row kt-row-valign-middle\">\n<style>.kadence-column47_6eb8b3-c1 > .kt-inside-inner-col,.kadence-column47_6eb8b3-c1 > .kt-inside-inner-col:before{border-top-left-radius:0px;border-top-right-radius:0px;border-bottom-right-radius:0px;border-bottom-left-radius:0px;}.kadence-column47_6eb8b3-c1 > .kt-inside-inner-col{column-gap:var(--global-kb-gap-sm, 1rem);}.kadence-column47_6eb8b3-c1 > .kt-inside-inner-col{flex-direction:column;}.kadence-column47_6eb8b3-c1 > .kt-inside-inner-col > .aligncenter{width:100%;}.kadence-column47_6eb8b3-c1 > .kt-inside-inner-col:before{opacity:0.3;}.kadence-column47_6eb8b3-c1{position:relative;}@media all and (max-width: 1024px){.kadence-column47_6eb8b3-c1 > .kt-inside-inner-col{flex-direction:column;}}@media all and (max-width: 767px){.kadence-column47_6eb8b3-c1 > .kt-inside-inner-col{flex-direction:column;}}<\/style>\n<div class=\"wp-block-kadence-column kadence-column47_6eb8b3-c1\"><div class=\"kt-inside-inner-col\"><style>.wp-block-kadence-advancedheading.kt-adv-heading47_b2f008-c7, .wp-block-kadence-advancedheading.kt-adv-heading47_b2f008-c7[data-kb-block=\"kb-adv-heading47_b2f008-c7\"]{text-align:center;font-size:var(--global-kb-font-size-xl, 3rem);font-style:normal;}.wp-block-kadence-advancedheading.kt-adv-heading47_b2f008-c7 mark.kt-highlight, .wp-block-kadence-advancedheading.kt-adv-heading47_b2f008-c7[data-kb-block=\"kb-adv-heading47_b2f008-c7\"] mark.kt-highlight{font-style:normal;color:#f76a0c;-webkit-box-decoration-break:clone;box-decoration-break:clone;padding-top:0px;padding-right:0px;padding-bottom:0px;padding-left:0px;}<\/style>\n<h1 class=\"kt-adv-heading47_b2f008-c7 wp-block-kadence-advancedheading\" data-kb-block=\"kb-adv-heading47_b2f008-c7\">Contacto<\/h1>\n<\/div><\/div>\n\n<\/div><\/div>\n\n<style>.kb-row-layout-id47_1015f2-b7 > .kt-row-column-wrap{align-content:start;}:where(.kb-row-layout-id47_1015f2-b7 > .kt-row-column-wrap) > .wp-block-kadence-column{justify-content:start;}.kb-row-layout-id47_1015f2-b7 > .kt-row-column-wrap{column-gap:100px;row-gap:var(--global-kb-gap-md, 2rem);max-width:var( --global-content-width, 1290px );padding-left:var(--global-content-edge-padding);padding-right:var(--global-content-edge-padding);padding-top:100px;padding-bottom:59px;grid-template-columns:repeat(2, minmax(0, 1fr));}.kb-row-layout-id47_1015f2-b7{background-image:linear-gradient(180deg,var(--global-palette9) 74%,rgb(214,213,213) 100%);}.kb-row-layout-id47_1015f2-b7 > .kt-row-layout-overlay{opacity:0.30;}@media all and (max-width: 1024px){.kb-row-layout-id47_1015f2-b7 > .kt-row-column-wrap{grid-template-columns:repeat(2, minmax(0, 1fr));}}@media all and (max-width: 767px){.kb-row-layout-id47_1015f2-b7 > .kt-row-column-wrap{grid-template-columns:minmax(0, 1fr);}}<\/style><div class=\"kb-row-layout-wrap kb-row-layout-id47_1015f2-b7 alignnone kt-row-has-bg wp-block-kadence-rowlayout\"><div class=\"kt-row-column-wrap kt-has-2-columns kt-row-layout-equal kt-tab-layout-inherit kt-mobile-layout-row kt-row-valign-top kb-theme-content-width\">\n<style>.kadence-column47_932d37-e4 > .kt-inside-inner-col,.kadence-column47_932d37-e4 > .kt-inside-inner-col:before{border-top-left-radius:0px;border-top-right-radius:0px;border-bottom-right-radius:0px;border-bottom-left-radius:0px;}.kadence-column47_932d37-e4 > .kt-inside-inner-col{column-gap:var(--global-kb-gap-sm, 1rem);}.kadence-column47_932d37-e4 > .kt-inside-inner-col{flex-direction:column;}.kadence-column47_932d37-e4 > .kt-inside-inner-col > .aligncenter{width:100%;}.kadence-column47_932d37-e4 > .kt-inside-inner-col:before{opacity:0.3;}.kadence-column47_932d37-e4{position:relative;}@media all and (max-width: 1024px){.kadence-column47_932d37-e4 > .kt-inside-inner-col{flex-direction:column;}}@media all and (max-width: 767px){.kadence-column47_932d37-e4 > .kt-inside-inner-col{flex-direction:column;}}<\/style>\n<div class=\"wp-block-kadence-column kadence-column47_932d37-e4\"><div class=\"kt-inside-inner-col\"><style>.kb-image47_b59222-b7 .kb-image-has-overlay:after{opacity:0.3;}<\/style>\n<figure class=\"wp-block-kadence-image kb-image47_b59222-b7 size-large kb-image-is-ratio-size\"><div class=\"kb-is-ratio-image kb-image-ratio-land169\"><img loading=\"lazy\" decoding=\"async\" width=\"1024\" height=\"576\" src=\"https:\/\/asesoriaromeraabogados.com\/wp-content\/uploads\/2024\/10\/6-1-1024x576.jpg\" alt=\"\" class=\"kb-img wp-image-4250\" srcset=\"https:\/\/asesoriaromeraabogados.com\/wp-content\/uploads\/2024\/10\/6-1-1024x576.jpg 1024w, https:\/\/asesoriaromeraabogados.com\/wp-content\/uploads\/2024\/10\/6-1-300x169.jpg 300w, https:\/\/asesoriaromeraabogados.com\/wp-content\/uploads\/2024\/10\/6-1-768x432.jpg 768w, https:\/\/asesoriaromeraabogados.com\/wp-content\/uploads\/2024\/10\/6-1-1536x864.jpg 1536w, https:\/\/asesoriaromeraabogados.com\/wp-content\/uploads\/2024\/10\/6-1-18x10.jpg 18w, https:\/\/asesoriaromeraabogados.com\/wp-content\/uploads\/2024\/10\/6-1.jpg 1920w\" sizes=\"auto, (max-width: 1024px) 100vw, 1024px\" \/><\/div><\/figure>\n<\/div><\/div>\n\n\n<style>.kadence-column47_cf6828-5c > .kt-inside-inner-col,.kadence-column47_cf6828-5c > .kt-inside-inner-col:before{border-top-left-radius:0px;border-top-right-radius:0px;border-bottom-right-radius:0px;border-bottom-left-radius:0px;}.kadence-column47_cf6828-5c > .kt-inside-inner-col{column-gap:var(--global-kb-gap-sm, 1rem);}.kadence-column47_cf6828-5c > .kt-inside-inner-col{flex-direction:column;}.kadence-column47_cf6828-5c > .kt-inside-inner-col > .aligncenter{width:100%;}.kadence-column47_cf6828-5c > .kt-inside-inner-col:before{opacity:0.3;}.kadence-column47_cf6828-5c{position:relative;}@media all and (max-width: 1024px){.kadence-column47_cf6828-5c > .kt-inside-inner-col{flex-direction:column;}}@media all and (max-width: 767px){.kadence-column47_cf6828-5c > .kt-inside-inner-col{flex-direction:column;}}<\/style>\n<div class=\"wp-block-kadence-column kadence-column47_cf6828-5c\"><div class=\"kt-inside-inner-col\"><style>.wp-block-kadence-advancedheading.kt-adv-heading47_491cc1-5e, .wp-block-kadence-advancedheading.kt-adv-heading47_491cc1-5e[data-kb-block=\"kb-adv-heading47_491cc1-5e\"]{font-size:var(--global-kb-font-size-lg, 2rem);font-style:normal;}.wp-block-kadence-advancedheading.kt-adv-heading47_491cc1-5e mark.kt-highlight, .wp-block-kadence-advancedheading.kt-adv-heading47_491cc1-5e[data-kb-block=\"kb-adv-heading47_491cc1-5e\"] mark.kt-highlight{font-style:normal;color:#f76a0c;-webkit-box-decoration-break:clone;box-decoration-break:clone;padding-top:0px;padding-right:0px;padding-bottom:0px;padding-left:0px;}<\/style>\n<h2 class=\"kt-adv-heading47_491cc1-5e wp-block-kadence-advancedheading\" data-kb-block=\"kb-adv-heading47_491cc1-5e\"><strong>\u00a1Queremos ayudarte!<\/strong><br><\/h2>\n\n\n\n<p>En Romera Abogados, nos comprometemos a ofrecerte un servicio de calidad y asesor\u00eda legal personalizada. Si tienes alguna pregunta, necesitas orientaci\u00f3n sobre un caso espec\u00edfico o deseas agendar una consulta, no dudes en ponerte en contacto con nosotros. Estamos aqu\u00ed para ayudarte.<br><\/p>\n<\/div><\/div>\n\n<\/div><\/div>\n\n\n<p><\/p>\n","protected":false},"excerpt":{"rendered":"<p>Contacte Volem ajudar-te! A Romera Advocats, ens comprometem a oferir-te un servei de qualitat i assessoria legal personalitzada. Si tens alguna pregunta, necessites orientaci\u00f3 sobre un cas espec\u00edfic o desitges agendar una consulta, no dubtis a posar-te en contacte amb nosaltres. Som aqu\u00ed per ajudar-te.<\/p>","protected":false},"author":2,"featured_media":0,"parent":0,"menu_order":15,"comment_status":"closed","ping_status":"closed","template":"","meta":{"_kad_blocks_custom_css":"","_kad_blocks_head_custom_js":"","_kad_blocks_body_custom_js":"","_kad_blocks_footer_custom_js":"","_kadence_starter_templates_imported_post":false,"_kad_post_transparent":"","_kad_post_title":"hide","_kad_post_layout":"fullwidth","_kad_post_sidebar_id":"","_kad_post_content_style":"unboxed","_kad_post_vertical_padding":"","_kad_post_feature":"","_kad_post_feature_position":"","_kad_post_header":false,"_kad_post_footer":false,"footnotes":""},"class_list":["post-47","page","type-page","status-publish","hentry"],"yoast_head":"<!-- This site is optimized with the Yoast SEO plugin v24.6 - https:\/\/yoast.com\/wordpress\/plugins\/seo\/ -->\n<title>Contacto - Asesor\u00eda Romera<\/title>\n<meta name=\"robots\" content=\"index, follow, max-snippet:-1, max-image-preview:large, max-video-preview:-1\" \/>\n<link rel=\"canonical\" href=\"https:\/\/asesoriaromeraabogados.com\/ca\/contacto\/\" \/>\n<meta property=\"og:locale\" content=\"ca_ES\" \/>\n<meta property=\"og:type\" content=\"article\" \/>\n<meta property=\"og:title\" content=\"Contacto - Asesor\u00eda Romera\" \/>\n<meta property=\"og:description\" content=\"Contacto \u00a1Queremos ayudarte! En Romera Abogados, nos comprometemos a ofrecerte un servicio de calidad y asesor\u00eda legal personalizada. Si tienes alguna pregunta, necesitas orientaci\u00f3n sobre un caso espec\u00edfico o deseas agendar una consulta, no dudes en ponerte en contacto con nosotros. Estamos aqu\u00ed para ayudarte.\" \/>\n<meta property=\"og:url\" content=\"https:\/\/asesoriaromeraabogados.com\/ca\/contacto\/\" \/>\n<meta property=\"og:site_name\" content=\"Asesor\u00eda Romera\" \/>\n<meta property=\"article:modified_time\" content=\"2024-10-29T15:07:19+00:00\" \/>\n<meta property=\"og:image\" content=\"https:\/\/asesoriaromeraabogados.com\/wp-content\/uploads\/2024\/10\/6-1.jpg\" \/>\n\t<meta property=\"og:image:width\" content=\"1920\" \/>\n\t<meta property=\"og:image:height\" content=\"1080\" \/>\n\t<meta property=\"og:image:type\" content=\"image\/jpeg\" \/>\n<meta name=\"twitter:card\" content=\"summary_large_image\" \/>\n<script type=\"application\/ld+json\" class=\"yoast-schema-graph\">{\"@context\":\"https:\/\/schema.org\",\"@graph\":[{\"@type\":\"WebPage\",\"@id\":\"https:\/\/asesoriaromeraabogados.com\/contacto\/\",\"url\":\"https:\/\/asesoriaromeraabogados.com\/contacto\/\",\"name\":\"Contacto - Asesor\u00eda Romera\",\"isPartOf\":{\"@id\":\"https:\/\/asesoriaromeraabogados.com\/ca\/#website\"},\"primaryImageOfPage\":{\"@id\":\"https:\/\/asesoriaromeraabogados.com\/contacto\/#primaryimage\"},\"image\":{\"@id\":\"https:\/\/asesoriaromeraabogados.com\/contacto\/#primaryimage\"},\"thumbnailUrl\":\"https:\/\/asesoriaromeraabogados.com\/wp-content\/uploads\/2024\/10\/6-1-1024x576.jpg\",\"datePublished\":\"2023-12-22T09:21:57+00:00\",\"dateModified\":\"2024-10-29T15:07:19+00:00\",\"breadcrumb\":{\"@id\":\"https:\/\/asesoriaromeraabogados.com\/contacto\/#breadcrumb\"},\"inLanguage\":\"ca\",\"potentialAction\":[{\"@type\":\"ReadAction\",\"target\":[\"https:\/\/asesoriaromeraabogados.com\/contacto\/\"]}]},{\"@type\":\"ImageObject\",\"inLanguage\":\"ca\",\"@id\":\"https:\/\/asesoriaromeraabogados.com\/contacto\/#primaryimage\",\"url\":\"https:\/\/asesoriaromeraabogados.com\/wp-content\/uploads\/2024\/10\/6-1-1024x576.jpg\",\"contentUrl\":\"https:\/\/asesoriaromeraabogados.com\/wp-content\/uploads\/2024\/10\/6-1-1024x576.jpg\"},{\"@type\":\"BreadcrumbList\",\"@id\":\"https:\/\/asesoriaromeraabogados.com\/contacto\/#breadcrumb\",\"itemListElement\":[{\"@type\":\"ListItem\",\"position\":1,\"name\":\"Portada\",\"item\":\"https:\/\/asesoriaromeraabogados.com\/ca\/\"},{\"@type\":\"ListItem\",\"position\":2,\"name\":\"Contacto\"}]},{\"@type\":\"WebSite\",\"@id\":\"https:\/\/asesoriaromeraabogados.com\/ca\/#website\",\"url\":\"https:\/\/asesoriaromeraabogados.com\/ca\/\",\"name\":\"Asesor\u00eda Romera\",\"description\":\"Asesor\u00eda de Abogados\",\"publisher\":{\"@id\":\"https:\/\/asesoriaromeraabogados.com\/ca\/#organization\"},\"potentialAction\":[{\"@type\":\"SearchAction\",\"target\":{\"@type\":\"EntryPoint\",\"urlTemplate\":\"https:\/\/asesoriaromeraabogados.com\/ca\/?s={search_term_string}\"},\"query-input\":{\"@type\":\"PropertyValueSpecification\",\"valueRequired\":true,\"valueName\":\"search_term_string\"}}],\"inLanguage\":\"ca\"},{\"@type\":\"Organization\",\"@id\":\"https:\/\/asesoriaromeraabogados.com\/ca\/#organization\",\"name\":\"Asesor\u00eda Romera\",\"url\":\"https:\/\/asesoriaromeraabogados.com\/ca\/\",\"logo\":{\"@type\":\"ImageObject\",\"inLanguage\":\"ca\",\"@id\":\"https:\/\/asesoriaromeraabogados.com\/ca\/#\/schema\/logo\/image\/\",\"url\":\"https:\/\/asesoriaromeraabogados.com\/wp-content\/uploads\/2024\/10\/cropped-ASESORiA-ROMERA-3-1.png\",\"contentUrl\":\"https:\/\/asesoriaromeraabogados.com\/wp-content\/uploads\/2024\/10\/cropped-ASESORiA-ROMERA-3-1.png\",\"width\":239,\"height\":221,\"caption\":\"Asesor\u00eda Romera\"},\"image\":{\"@id\":\"https:\/\/asesoriaromeraabogados.com\/ca\/#\/schema\/logo\/image\/\"}}]}<\/script>\n<!-- \/ Yoast SEO plugin. -->","yoast_head_json":{"title":"Contacto - Asesor\u00eda Romera","robots":{"index":"index","follow":"follow","max-snippet":"max-snippet:-1","max-image-preview":"max-image-preview:large","max-video-preview":"max-video-preview:-1"},"canonical":"https:\/\/asesoriaromeraabogados.com\/ca\/contacto\/","og_locale":"ca_ES","og_type":"article","og_title":"Contacto - Asesor\u00eda Romera","og_description":"Contacto \u00a1Queremos ayudarte! En Romera Abogados, nos comprometemos a ofrecerte un servicio de calidad y asesor\u00eda legal personalizada. Si tienes alguna pregunta, necesitas orientaci\u00f3n sobre un caso espec\u00edfico o deseas agendar una consulta, no dudes en ponerte en contacto con nosotros. Estamos aqu\u00ed para ayudarte.","og_url":"https:\/\/asesoriaromeraabogados.com\/ca\/contacto\/","og_site_name":"Asesor\u00eda Romera","article_modified_time":"2024-10-29T15:07:19+00:00","og_image":[{"width":1920,"height":1080,"url":"https:\/\/asesoriaromeraabogados.com\/wp-content\/uploads\/2024\/10\/6-1.jpg","type":"image\/jpeg"}],"twitter_card":"summary_large_image","schema":{"@context":"https:\/\/schema.org","@graph":[{"@type":"WebPage","@id":"https:\/\/asesoriaromeraabogados.com\/contacto\/","url":"https:\/\/asesoriaromeraabogados.com\/contacto\/","name":"Contacto - Asesor\u00eda Romera","isPartOf":{"@id":"https:\/\/asesoriaromeraabogados.com\/ca\/#website"},"primaryImageOfPage":{"@id":"https:\/\/asesoriaromeraabogados.com\/contacto\/#primaryimage"},"image":{"@id":"https:\/\/asesoriaromeraabogados.com\/contacto\/#primaryimage"},"thumbnailUrl":"https:\/\/asesoriaromeraabogados.com\/wp-content\/uploads\/2024\/10\/6-1-1024x576.jpg","datePublished":"2023-12-22T09:21:57+00:00","dateModified":"2024-10-29T15:07:19+00:00","breadcrumb":{"@id":"https:\/\/asesoriaromeraabogados.com\/contacto\/#breadcrumb"},"inLanguage":"ca","potentialAction":[{"@type":"ReadAction","target":["https:\/\/asesoriaromeraabogados.com\/contacto\/"]}]},{"@type":"ImageObject","inLanguage":"ca","@id":"https:\/\/asesoriaromeraabogados.com\/contacto\/#primaryimage","url":"https:\/\/asesoriaromeraabogados.com\/wp-content\/uploads\/2024\/10\/6-1-1024x576.jpg","contentUrl":"https:\/\/asesoriaromeraabogados.com\/wp-content\/uploads\/2024\/10\/6-1-1024x576.jpg"},{"@type":"BreadcrumbList","@id":"https:\/\/asesoriaromeraabogados.com\/contacto\/#breadcrumb","itemListElement":[{"@type":"ListItem","position":1,"name":"Portada","item":"https:\/\/asesoriaromeraabogados.com\/ca\/"},{"@type":"ListItem","position":2,"name":"Contacto"}]},{"@type":"WebSite","@id":"https:\/\/asesoriaromeraabogados.com\/ca\/#website","url":"https:\/\/asesoriaromeraabogados.com\/ca\/","name":"Assessoria Romera","description":"Assessoria d&#039;advocats","publisher":{"@id":"https:\/\/asesoriaromeraabogados.com\/ca\/#organization"},"potentialAction":[{"@type":"SearchAction","target":{"@type":"EntryPoint","urlTemplate":"https:\/\/asesoriaromeraabogados.com\/ca\/?s={search_term_string}"},"query-input":{"@type":"PropertyValueSpecification","valueRequired":true,"valueName":"search_term_string"}}],"inLanguage":"ca"},{"@type":"Organization","@id":"https:\/\/asesoriaromeraabogados.com\/ca\/#organization","name":"Assessoria Romera","url":"https:\/\/asesoriaromeraabogados.com\/ca\/","logo":{"@type":"ImageObject","inLanguage":"ca","@id":"https:\/\/asesoriaromeraabogados.com\/ca\/#\/schema\/logo\/image\/","url":"https:\/\/asesoriaromeraabogados.com\/wp-content\/uploads\/2024\/10\/cropped-ASESORiA-ROMERA-3-1.png","contentUrl":"https:\/\/asesoriaromeraabogados.com\/wp-content\/uploads\/2024\/10\/cropped-ASESORiA-ROMERA-3-1.png","width":239,"height":221,"caption":"Asesor\u00eda Romera"},"image":{"@id":"https:\/\/asesoriaromeraabogados.com\/ca\/#\/schema\/logo\/image\/"}}]}},"taxonomy_info":[],"featured_image_src_large":false,"author_info":{"display_name":"soporte","author_link":"https:\/\/asesoriaromeraabogados.com\/ca\/author\/soporte\/"},"comment_info":0,"_links":{"self":[{"href":"https:\/\/asesoriaromeraabogados.com\/ca\/wp-json\/wp\/v2\/pages\/47","targetHints":{"allow":["GET"]}}],"collection":[{"href":"https:\/\/asesoriaromeraabogados.com\/ca\/wp-json\/wp\/v2\/pages"}],"about":[{"href":"https:\/\/asesoriaromeraabogados.com\/ca\/wp-json\/wp\/v2\/types\/page"}],"author":[{"embeddable":true,"href":"https:\/\/asesoriaromeraabogados.com\/ca\/wp-json\/wp\/v2\/users\/2"}],"replies":[{"embeddable":true,"href":"https:\/\/asesoriaromeraabogados.com\/ca\/wp-json\/wp\/v2\/comments?post=47"}],"version-history":[{"count":9,"href":"https:\/\/asesoriaromeraabogados.com\/ca\/wp-json\/wp\/v2\/pages\/47\/revisions"}],"predecessor-version":[{"id":4461,"href":"https:\/\/asesoriaromeraabogados.com\/ca\/wp-json\/wp\/v2\/pages\/47\/revisions\/4461"}],"wp:attachment":[{"href":"https:\/\/asesoriaromeraabogados.com\/ca\/wp-json\/wp\/v2\/media?parent=47"}],"curies":[{"name":"wp","href":"https:\/\/api.w.org\/{rel}","templated":true}]}}